{"id":108,"date":"2021-04-01T11:20:23","date_gmt":"2021-04-01T09:20:23","guid":{"rendered":"http:\/\/www.reifenundservice.de\/?page_id=108"},"modified":"2026-03-21T12:51:00","modified_gmt":"2026-03-21T10:51:00","slug":"preise","status":"publish","type":"page","link":"https:\/\/www.reifenundservice.de\/?page_id=108","title":{"rendered":"Preise"},"content":{"rendered":"\n<p><\/p>\n\n\n\n<p>Die Preise \u00e4nderten sich zum 01.01.2026 &#8211; siehe Rubrik &#8222;Neuigkeiten&#8220;.<\/p>\n\n\n\n<p><\/p>\n\n\n\n<figure class=\"wp-block-table is-style-stripes\"><table><tbody><tr><td>Reifenwechsel (eingelagerte Rads\u00e4tze)<\/td><td>ab 30,00 \u20ac \/ Radsatz<\/td><\/tr><tr><td>Reifenwechsel von mitgebrachten R\u00e4dern<\/td><td>ab 45,00 \u20ac \/ Radsatz<\/td><\/tr><tr><td>Montage mitgebrachter Reifen<\/td><td>ab 40,00 \u20ac \/ St\u00fcck<\/td><\/tr><tr><td>Reifenwechsel von Fahrzeugen, <br>die nicht auf der Hebeb\u00fchne erledigt <br>werden k\u00f6nnen (Transporter, Wohnmobile etc.)<\/td><td>50,00\u20ac \/ Radsatz<\/td><\/tr><tr><td>Einlagerung bis 17\u201c R\u00e4der<\/td><td>40,00 \u20ac \/ Radsatz<\/td><\/tr><tr><td>Einlagerung ab 18\u201c , SUV und LLKW <br>(VW Bus, MB Vito, Sprinter, Transporter, Wohnmobile)<\/td><td>50,00\u20ac \/ Radsatz<\/td><\/tr><tr><td>Einlagerung ab 20\u201c R\u00e4der<\/td><td>55,00\u20ac \/ Radsatz<\/td><\/tr><tr><td>T\u00dcV-Durchsicht<\/td><td>30,00 \u20ac<\/td><\/tr><tr><td>T\u00dcV-Vorfahrt<\/td><td>Preis auf Anfrage<\/td><\/tr><tr><td>Urlaubscheck<\/td><td>Preis auf Anfrage<\/td><\/tr><tr><td>Einlagern von Dachboxen &amp; Fahrradtr\u00e4gern<\/td><td>75,00 \u20ac \/ Jahr<\/td><\/tr><tr><td>Reifenreparatur<\/td><td>ab 15,00 \u20ac<\/td><\/tr><tr><td>Entsorgung Altreifen ohne Felgen<\/td><td>6,00 \u20ac \/ St\u00fcck<\/td><\/tr><tr><td>Entsorgung Felgen ohne Reifen<\/td><td>7,50 \u20ac \/ St\u00fcck<\/td><\/tr><tr><td>Entsorgung Komplettrad<\/td><td>12,50\u20ac \/ Rad<\/td><\/tr><tr><td>R\u00e4derw\u00e4sche (mit Ultraschalltechnik)<\/td><td>32,00 \u20ac \/ Radsatz<br>8,00 \u20ac \/ Rad<br><\/td><\/tr><tr><td>Auswuchten<\/td><td>32,00\u20ac \/ Radsatz<br>8,00\u20ac \/ Rad <\/td><\/tr><tr><td>Reifenreparatur (nur zur \u00dcberf\u00fchrung und kurzfristigen Weiterfahrt)<\/td><td><\/td><\/tr><tr><td>Reifenreparatur ohne Demontage des Rades vom Fahrzeug&nbsp;<\/td><td>15,00\u20ac \/ Rad<\/td><\/tr><tr><td>Reifenreparatur mit Demontage des Rades vom Fahrzeug (nur wenn n\u00f6tig)<\/td><td>26,25\u20ac \/ Rad<\/td><\/tr><tr><td><\/td><td><\/td><\/tr><\/tbody><\/table><\/figure>\n\n\n\n<p><\/p>\n\n\n\n<p><\/p>\n","protected":false},"excerpt":{"rendered":"<p>Die Preise \u00e4nderten sich zum 01.01.2026 &#8211; siehe Rubrik &#8222;Neuigkeiten&#8220;. Reifenwechsel (eingelagerte Rads\u00e4tze) ab 30,00 \u20ac \/ Radsatz Reifenwechsel von mitgebrachten R\u00e4dern ab 45,00 \u20ac \/ Radsatz Montage mitgebrachter Reifen ab 40,00 \u20ac \/ St\u00fcck Reifenwechsel von Fahrzeugen, die nicht auf der Hebeb\u00fchne erledigt werden k\u00f6nnen (Transporter, Wohnmobile etc.) 50,00\u20ac \/ Radsatz Einlagerung bis 17\u201c &hellip; <\/p>\n<p class=\"link-more\"><a href=\"https:\/\/www.reifenundservice.de\/?page_id=108\" class=\"more-link\"><span class=\"screen-reader-text\">\u201ePreise\u201c<\/span> weiterlesen<\/a><\/p>\n","protected":false},"author":1,"featured_media":0,"parent":0,"menu_order":0,"comment_status":"closed","ping_status":"closed","template":"","meta":{"_monsterinsights_skip_tracking":false,"_monsterinsights_sitenote_active":false,"_monsterinsights_sitenote_note":"","_monsterinsights_sitenote_category":0,"footnotes":""},"class_list":["post-108","page","type-page","status-publish","hentry"],"yoast_head":"<!-- This site is optimized with the Yoast SEO plugin v27.1.1 - https:\/\/yoast.com\/product\/yoast-seo-wordpress\/ -->\n<title>Reifen und Service in Karlsruhe Palmbach - Preise<\/title>\n<meta name=\"description\" content=\"Alles rund um Reifenwechsel, das Einlagern von Reifen, T\u00dcV Durchsicht &amp; Vorfahrt - in 76228 Karlsruhe Palmbach. Service f\u00fcr ihr Auto.\" \/>\n<meta name=\"robots\" content=\"index, follow, max-snippet:-1, max-image-preview:large, max-video-preview:-1\" \/>\n<link rel=\"canonical\" href=\"https:\/\/www.reifenundservice.de\/?page_id=108\" \/>\n<meta property=\"og:locale\" content=\"de_DE\" \/>\n<meta property=\"og:type\" content=\"article\" \/>\n<meta property=\"og:title\" content=\"Reifen und Service in Karlsruhe Palmbach - Preise\" \/>\n<meta property=\"og:description\" content=\"Alles rund um Reifenwechsel, das Einlagern von Reifen, T\u00dcV Durchsicht &amp; Vorfahrt - in 76228 Karlsruhe Palmbach. Service f\u00fcr ihr Auto.\" \/>\n<meta property=\"og:url\" content=\"https:\/\/www.reifenundservice.de\/?page_id=108\" \/>\n<meta property=\"og:site_name\" content=\"Reifen und Service in Karlsruhe Palmbach\" \/>\n<meta property=\"article:publisher\" content=\"https:\/\/www.facebook.com\/reifenundservice\/\" \/>\n<meta property=\"article:modified_time\" content=\"2026-03-21T10:51:00+00:00\" \/>\n<meta property=\"og:image\" content=\"https:\/\/www.reifenundservice.de\/wp-content\/uploads\/2021\/03\/cropped-header-scaled-1.jpg\" \/>\n\t<meta property=\"og:image:width\" content=\"2000\" \/>\n\t<meta property=\"og:image:height\" content=\"1756\" \/>\n\t<meta property=\"og:image:type\" content=\"image\/jpeg\" \/>\n<meta name=\"twitter:card\" content=\"summary_large_image\" \/>\n<meta name=\"twitter:label1\" content=\"Gesch\u00e4tzte Lesezeit\" \/>\n\t<meta name=\"twitter:data1\" content=\"1\u00a0Minute\" \/>\n<script type=\"application\/ld+json\" class=\"yoast-schema-graph\">{\"@context\":\"https:\/\/schema.org\",\"@graph\":[{\"@type\":\"WebPage\",\"@id\":\"https:\/\/www.reifenundservice.de\/?page_id=108\",\"url\":\"https:\/\/www.reifenundservice.de\/?page_id=108\",\"name\":\"Reifen und Service in Karlsruhe Palmbach - Preise\",\"isPartOf\":{\"@id\":\"https:\/\/www.reifenundservice.de\/#website\"},\"datePublished\":\"2021-04-01T09:20:23+00:00\",\"dateModified\":\"2026-03-21T10:51:00+00:00\",\"description\":\"Alles rund um Reifenwechsel, das Einlagern von Reifen, T\u00dcV Durchsicht & Vorfahrt - in 76228 Karlsruhe Palmbach. Service f\u00fcr ihr Auto.\",\"breadcrumb\":{\"@id\":\"https:\/\/www.reifenundservice.de\/?page_id=108#breadcrumb\"},\"inLanguage\":\"de\",\"potentialAction\":[{\"@type\":\"ReadAction\",\"target\":[\"https:\/\/www.reifenundservice.de\/?page_id=108\"]}]},{\"@type\":\"BreadcrumbList\",\"@id\":\"https:\/\/www.reifenundservice.de\/?page_id=108#breadcrumb\",\"itemListElement\":[{\"@type\":\"ListItem\",\"position\":1,\"name\":\"Startseite\",\"item\":\"https:\/\/www.reifenundservice.de\/\"},{\"@type\":\"ListItem\",\"position\":2,\"name\":\"Preise\"}]},{\"@type\":\"WebSite\",\"@id\":\"https:\/\/www.reifenundservice.de\/#website\",\"url\":\"https:\/\/www.reifenundservice.de\/\",\"name\":\"Reifen und Service in Karlsruhe Palmbach\",\"description\":\"Reifenwechsel, Einlagerung, T\u00dcV-Durchsicht &amp; Vorfahrt in Palmbach 76228 Karlsruhe\",\"publisher\":{\"@id\":\"https:\/\/www.reifenundservice.de\/#organization\"},\"potentialAction\":[{\"@type\":\"SearchAction\",\"target\":{\"@type\":\"EntryPoint\",\"urlTemplate\":\"https:\/\/www.reifenundservice.de\/?s={search_term_string}\"},\"query-input\":{\"@type\":\"PropertyValueSpecification\",\"valueRequired\":true,\"valueName\":\"search_term_string\"}}],\"inLanguage\":\"de\"},{\"@type\":\"Organization\",\"@id\":\"https:\/\/www.reifenundservice.de\/#organization\",\"name\":\"Reifen und Service\",\"url\":\"https:\/\/www.reifenundservice.de\/\",\"logo\":{\"@type\":\"ImageObject\",\"inLanguage\":\"de\",\"@id\":\"https:\/\/www.reifenundservice.de\/#\/schema\/logo\/image\/\",\"url\":\"https:\/\/www.reifenundservice.de\/wp-content\/uploads\/2021\/03\/cropped-header-scaled-1.jpg\",\"contentUrl\":\"https:\/\/www.reifenundservice.de\/wp-content\/uploads\/2021\/03\/cropped-header-scaled-1.jpg\",\"width\":2000,\"height\":1756,\"caption\":\"Reifen und Service\"},\"image\":{\"@id\":\"https:\/\/www.reifenundservice.de\/#\/schema\/logo\/image\/\"},\"sameAs\":[\"https:\/\/www.facebook.com\/reifenundservice\/\"]}]}<\/script>\n<!-- \/ Yoast SEO plugin. -->","yoast_head_json":{"title":"Reifen und Service in Karlsruhe Palmbach - Preise","description":"Alles rund um Reifenwechsel, das Einlagern von Reifen, T\u00dcV Durchsicht & Vorfahrt - in 76228 Karlsruhe Palmbach. Service f\u00fcr ihr Auto.","robots":{"index":"index","follow":"follow","max-snippet":"max-snippet:-1","max-image-preview":"max-image-preview:large","max-video-preview":"max-video-preview:-1"},"canonical":"https:\/\/www.reifenundservice.de\/?page_id=108","og_locale":"de_DE","og_type":"article","og_title":"Reifen und Service in Karlsruhe Palmbach - Preise","og_description":"Alles rund um Reifenwechsel, das Einlagern von Reifen, T\u00dcV Durchsicht & Vorfahrt - in 76228 Karlsruhe Palmbach. Service f\u00fcr ihr Auto.","og_url":"https:\/\/www.reifenundservice.de\/?page_id=108","og_site_name":"Reifen und Service in Karlsruhe Palmbach","article_publisher":"https:\/\/www.facebook.com\/reifenundservice\/","article_modified_time":"2026-03-21T10:51:00+00:00","og_image":[{"width":2000,"height":1756,"url":"https:\/\/www.reifenundservice.de\/wp-content\/uploads\/2021\/03\/cropped-header-scaled-1.jpg","type":"image\/jpeg"}],"twitter_card":"summary_large_image","twitter_misc":{"Gesch\u00e4tzte Lesezeit":"1\u00a0Minute"},"schema":{"@context":"https:\/\/schema.org","@graph":[{"@type":"WebPage","@id":"https:\/\/www.reifenundservice.de\/?page_id=108","url":"https:\/\/www.reifenundservice.de\/?page_id=108","name":"Reifen und Service in Karlsruhe Palmbach - Preise","isPartOf":{"@id":"https:\/\/www.reifenundservice.de\/#website"},"datePublished":"2021-04-01T09:20:23+00:00","dateModified":"2026-03-21T10:51:00+00:00","description":"Alles rund um Reifenwechsel, das Einlagern von Reifen, T\u00dcV Durchsicht & Vorfahrt - in 76228 Karlsruhe Palmbach. Service f\u00fcr ihr Auto.","breadcrumb":{"@id":"https:\/\/www.reifenundservice.de\/?page_id=108#breadcrumb"},"inLanguage":"de","potentialAction":[{"@type":"ReadAction","target":["https:\/\/www.reifenundservice.de\/?page_id=108"]}]},{"@type":"BreadcrumbList","@id":"https:\/\/www.reifenundservice.de\/?page_id=108#breadcrumb","itemListElement":[{"@type":"ListItem","position":1,"name":"Startseite","item":"https:\/\/www.reifenundservice.de\/"},{"@type":"ListItem","position":2,"name":"Preise"}]},{"@type":"WebSite","@id":"https:\/\/www.reifenundservice.de\/#website","url":"https:\/\/www.reifenundservice.de\/","name":"Reifen und Service in Karlsruhe Palmbach","description":"Reifenwechsel, Einlagerung, T\u00dcV-Durchsicht &amp; Vorfahrt in Palmbach 76228 Karlsruhe","publisher":{"@id":"https:\/\/www.reifenundservice.de\/#organization"},"potentialAction":[{"@type":"SearchAction","target":{"@type":"EntryPoint","urlTemplate":"https:\/\/www.reifenundservice.de\/?s={search_term_string}"},"query-input":{"@type":"PropertyValueSpecification","valueRequired":true,"valueName":"search_term_string"}}],"inLanguage":"de"},{"@type":"Organization","@id":"https:\/\/www.reifenundservice.de\/#organization","name":"Reifen und Service","url":"https:\/\/www.reifenundservice.de\/","logo":{"@type":"ImageObject","inLanguage":"de","@id":"https:\/\/www.reifenundservice.de\/#\/schema\/logo\/image\/","url":"https:\/\/www.reifenundservice.de\/wp-content\/uploads\/2021\/03\/cropped-header-scaled-1.jpg","contentUrl":"https:\/\/www.reifenundservice.de\/wp-content\/uploads\/2021\/03\/cropped-header-scaled-1.jpg","width":2000,"height":1756,"caption":"Reifen und Service"},"image":{"@id":"https:\/\/www.reifenundservice.de\/#\/schema\/logo\/image\/"},"sameAs":["https:\/\/www.facebook.com\/reifenundservice\/"]}]}},"_links":{"self":[{"href":"https:\/\/www.reifenundservice.de\/index.php?rest_route=\/wp\/v2\/pages\/108","targetHints":{"allow":["GET"]}}],"collection":[{"href":"https:\/\/www.reifenundservice.de\/index.php?rest_route=\/wp\/v2\/pages"}],"about":[{"href":"https:\/\/www.reifenundservice.de\/index.php?rest_route=\/wp\/v2\/types\/page"}],"author":[{"embeddable":true,"href":"https:\/\/www.reifenundservice.de\/index.php?rest_route=\/wp\/v2\/users\/1"}],"replies":[{"embeddable":true,"href":"https:\/\/www.reifenundservice.de\/index.php?rest_route=%2Fwp%2Fv2%2Fcomments&post=108"}],"version-history":[{"count":33,"href":"https:\/\/www.reifenundservice.de\/index.php?rest_route=\/wp\/v2\/pages\/108\/revisions"}],"predecessor-version":[{"id":300,"href":"https:\/\/www.reifenundservice.de\/index.php?rest_route=\/wp\/v2\/pages\/108\/revisions\/300"}],"wp:attachment":[{"href":"https:\/\/www.reifenundservice.de\/index.php?rest_route=%2Fwp%2Fv2%2Fmedia&parent=108"}],"curies":[{"name":"wp","href":"https:\/\/api.w.org\/{rel}","templated":true}]}}