{"id":221,"date":"2024-03-13T19:40:54","date_gmt":"2024-03-13T17:40:54","guid":{"rendered":"https:\/\/www.reifenundservice.de\/?page_id=221"},"modified":"2025-11-21T19:50:07","modified_gmt":"2025-11-21T17:50:07","slug":"termin-buchen","status":"publish","type":"page","link":"https:\/\/www.reifenundservice.de\/?page_id=221","title":{"rendered":"Termin buchen"},"content":{"rendered":"\n<p>Sie k\u00f6nnen einfach und unkompliziert Online Termine buchen.<\/p>\n\n\n\n<p>Hier der Link:  <a href=\"https:\/\/www.terminsicher.de\/reifenundservice\" target=\"_blank\" rel=\"noreferrer noopener\"><strong>TerminSicher.d<\/strong><\/a><strong><a href=\"https:\/\/www.terminsicher.de\/reifenundservice\" target=\"_blank\" rel=\"noreferrer noopener\">e<\/a><\/strong><\/p>\n\n\n\n<ol class=\"wp-block-list\">\n<li>Bitte beachten Sie, dass Sie dazu auf die Website von TerminSicher.de geleitet werden.<\/li>\n\n\n\n<li>Sie m\u00fcssen sich dort einmalig registrieren und den Code den Sie bekommen mit einer SMS an eine Handynummer senden. Dies hat den Zweck, dass beide Seiten sicher sind, dass die Daten auch richtig verarbeitet werden und die Buchung an das richtige Handy best\u00e4tigt wird.<\/li>\n\n\n\n<li>Nach der Buchung bekommen Sie von uns Ihren Termin innerhalb weniger Stunden best\u00e4tigt.<\/li>\n<\/ol>\n\n\n\n<p><\/p>\n\n\n\n<p><em><span style=\"text-decoration: underline;\">Wichtiger Hinweis:<\/span><\/em><\/p>\n\n\n\n<p>Aufgrund der aktuellen, immer wiederkehrenden Anfragen, m\u00f6chte ich Sie bitten, Termine fr\u00fchzeitig online zu buchen &#8211; somit kann eine l\u00e4ngere Wartezeit auf einen f\u00fcr Sie passenden Termin, vermieden werden.<\/p>\n\n\n\n<p>Vielen Dank f\u00fcr Ihre Unterst\u00fctzung und Ihr Verst\u00e4ndnis.<\/p>\n","protected":false},"excerpt":{"rendered":"<p>Sie k\u00f6nnen einfach und unkompliziert Online Termine buchen. Hier der Link: TerminSicher.de Wichtiger Hinweis: Aufgrund der aktuellen, immer wiederkehrenden Anfragen, m\u00f6chte ich Sie bitten, Termine fr\u00fchzeitig online zu buchen &#8211; somit kann eine l\u00e4ngere Wartezeit auf einen f\u00fcr Sie passenden Termin, vermieden werden. Vielen Dank f\u00fcr Ihre Unterst\u00fctzung und Ihr Verst\u00e4ndnis.<\/p>\n","protected":false},"author":1,"featured_media":0,"parent":0,"menu_order":0,"comment_status":"closed","ping_status":"closed","template":"","meta":{"_monsterinsights_skip_tracking":false,"_monsterinsights_sitenote_active":false,"_monsterinsights_sitenote_note":"","_monsterinsights_sitenote_category":0,"footnotes":""},"class_list":["post-221","page","type-page","status-publish","hentry"],"yoast_head":"<!-- This site is optimized with the Yoast SEO plugin v27.1.1 - https:\/\/yoast.com\/product\/yoast-seo-wordpress\/ -->\n<title>Reifen und Service in Karlsruhe Palmbach - Termin buchen<\/title>\n<meta name=\"description\" content=\"Alles rund um Reifenwechsel, das Einlagern von Reifen, T\u00dcV Durchsicht &amp; Vorfahrt - in 76228 Karlsruhe Palmbach\" \/>\n<meta name=\"robots\" content=\"index, follow, max-snippet:-1, max-image-preview:large, max-video-preview:-1\" \/>\n<link rel=\"canonical\" href=\"https:\/\/www.reifenundservice.de\/?page_id=221\" \/>\n<meta property=\"og:locale\" content=\"de_DE\" \/>\n<meta property=\"og:type\" content=\"article\" \/>\n<meta property=\"og:title\" content=\"Reifen und Service in Karlsruhe Palmbach - Termin buchen\" \/>\n<meta property=\"og:description\" content=\"Alles rund um Reifenwechsel, das Einlagern von Reifen, T\u00dcV Durchsicht &amp; Vorfahrt - in 76228 Karlsruhe Palmbach\" \/>\n<meta property=\"og:url\" content=\"https:\/\/www.reifenundservice.de\/?page_id=221\" \/>\n<meta property=\"og:site_name\" content=\"Reifen und Service in Karlsruhe Palmbach\" \/>\n<meta property=\"article:publisher\" content=\"https:\/\/www.facebook.com\/reifenundservice\/\" \/>\n<meta property=\"article:modified_time\" content=\"2025-11-21T17:50:07+00:00\" \/>\n<meta property=\"og:image\" content=\"https:\/\/www.reifenundservice.de\/wp-content\/uploads\/2021\/03\/cropped-header-scaled-1.jpg\" \/>\n\t<meta property=\"og:image:width\" content=\"2000\" \/>\n\t<meta property=\"og:image:height\" content=\"1756\" \/>\n\t<meta property=\"og:image:type\" content=\"image\/jpeg\" \/>\n<meta name=\"twitter:card\" content=\"summary_large_image\" \/>\n<meta name=\"twitter:label1\" content=\"Gesch\u00e4tzte Lesezeit\" \/>\n\t<meta name=\"twitter:data1\" content=\"1\u00a0Minute\" \/>\n<script type=\"application\/ld+json\" class=\"yoast-schema-graph\">{\"@context\":\"https:\/\/schema.org\",\"@graph\":[{\"@type\":\"WebPage\",\"@id\":\"https:\/\/www.reifenundservice.de\/?page_id=221\",\"url\":\"https:\/\/www.reifenundservice.de\/?page_id=221\",\"name\":\"Reifen und Service in Karlsruhe Palmbach - Termin buchen\",\"isPartOf\":{\"@id\":\"https:\/\/www.reifenundservice.de\/#website\"},\"datePublished\":\"2024-03-13T17:40:54+00:00\",\"dateModified\":\"2025-11-21T17:50:07+00:00\",\"description\":\"Alles rund um Reifenwechsel, das Einlagern von Reifen, T\u00dcV Durchsicht & Vorfahrt - in 76228 Karlsruhe Palmbach\",\"breadcrumb\":{\"@id\":\"https:\/\/www.reifenundservice.de\/?page_id=221#breadcrumb\"},\"inLanguage\":\"de\",\"potentialAction\":[{\"@type\":\"ReadAction\",\"target\":[\"https:\/\/www.reifenundservice.de\/?page_id=221\"]}]},{\"@type\":\"BreadcrumbList\",\"@id\":\"https:\/\/www.reifenundservice.de\/?page_id=221#breadcrumb\",\"itemListElement\":[{\"@type\":\"ListItem\",\"position\":1,\"name\":\"Startseite\",\"item\":\"https:\/\/www.reifenundservice.de\/\"},{\"@type\":\"ListItem\",\"position\":2,\"name\":\"Termin buchen\"}]},{\"@type\":\"WebSite\",\"@id\":\"https:\/\/www.reifenundservice.de\/#website\",\"url\":\"https:\/\/www.reifenundservice.de\/\",\"name\":\"Reifen und Service in Karlsruhe Palmbach\",\"description\":\"Reifenwechsel, Einlagerung, T\u00dcV-Durchsicht &amp; Vorfahrt in Palmbach 76228 Karlsruhe\",\"publisher\":{\"@id\":\"https:\/\/www.reifenundservice.de\/#organization\"},\"potentialAction\":[{\"@type\":\"SearchAction\",\"target\":{\"@type\":\"EntryPoint\",\"urlTemplate\":\"https:\/\/www.reifenundservice.de\/?s={search_term_string}\"},\"query-input\":{\"@type\":\"PropertyValueSpecification\",\"valueRequired\":true,\"valueName\":\"search_term_string\"}}],\"inLanguage\":\"de\"},{\"@type\":\"Organization\",\"@id\":\"https:\/\/www.reifenundservice.de\/#organization\",\"name\":\"Reifen und Service\",\"url\":\"https:\/\/www.reifenundservice.de\/\",\"logo\":{\"@type\":\"ImageObject\",\"inLanguage\":\"de\",\"@id\":\"https:\/\/www.reifenundservice.de\/#\/schema\/logo\/image\/\",\"url\":\"https:\/\/www.reifenundservice.de\/wp-content\/uploads\/2021\/03\/cropped-header-scaled-1.jpg\",\"contentUrl\":\"https:\/\/www.reifenundservice.de\/wp-content\/uploads\/2021\/03\/cropped-header-scaled-1.jpg\",\"width\":2000,\"height\":1756,\"caption\":\"Reifen und Service\"},\"image\":{\"@id\":\"https:\/\/www.reifenundservice.de\/#\/schema\/logo\/image\/\"},\"sameAs\":[\"https:\/\/www.facebook.com\/reifenundservice\/\"]}]}<\/script>\n<!-- \/ Yoast SEO plugin. -->","yoast_head_json":{"title":"Reifen und Service in Karlsruhe Palmbach - Termin buchen","description":"Alles rund um Reifenwechsel, das Einlagern von Reifen, T\u00dcV Durchsicht & Vorfahrt - in 76228 Karlsruhe Palmbach","robots":{"index":"index","follow":"follow","max-snippet":"max-snippet:-1","max-image-preview":"max-image-preview:large","max-video-preview":"max-video-preview:-1"},"canonical":"https:\/\/www.reifenundservice.de\/?page_id=221","og_locale":"de_DE","og_type":"article","og_title":"Reifen und Service in Karlsruhe Palmbach - Termin buchen","og_description":"Alles rund um Reifenwechsel, das Einlagern von Reifen, T\u00dcV Durchsicht & Vorfahrt - in 76228 Karlsruhe Palmbach","og_url":"https:\/\/www.reifenundservice.de\/?page_id=221","og_site_name":"Reifen und Service in Karlsruhe Palmbach","article_publisher":"https:\/\/www.facebook.com\/reifenundservice\/","article_modified_time":"2025-11-21T17:50:07+00:00","og_image":[{"width":2000,"height":1756,"url":"https:\/\/www.reifenundservice.de\/wp-content\/uploads\/2021\/03\/cropped-header-scaled-1.jpg","type":"image\/jpeg"}],"twitter_card":"summary_large_image","twitter_misc":{"Gesch\u00e4tzte Lesezeit":"1\u00a0Minute"},"schema":{"@context":"https:\/\/schema.org","@graph":[{"@type":"WebPage","@id":"https:\/\/www.reifenundservice.de\/?page_id=221","url":"https:\/\/www.reifenundservice.de\/?page_id=221","name":"Reifen und Service in Karlsruhe Palmbach - Termin buchen","isPartOf":{"@id":"https:\/\/www.reifenundservice.de\/#website"},"datePublished":"2024-03-13T17:40:54+00:00","dateModified":"2025-11-21T17:50:07+00:00","description":"Alles rund um Reifenwechsel, das Einlagern von Reifen, T\u00dcV Durchsicht & Vorfahrt - in 76228 Karlsruhe Palmbach","breadcrumb":{"@id":"https:\/\/www.reifenundservice.de\/?page_id=221#breadcrumb"},"inLanguage":"de","potentialAction":[{"@type":"ReadAction","target":["https:\/\/www.reifenundservice.de\/?page_id=221"]}]},{"@type":"BreadcrumbList","@id":"https:\/\/www.reifenundservice.de\/?page_id=221#breadcrumb","itemListElement":[{"@type":"ListItem","position":1,"name":"Startseite","item":"https:\/\/www.reifenundservice.de\/"},{"@type":"ListItem","position":2,"name":"Termin buchen"}]},{"@type":"WebSite","@id":"https:\/\/www.reifenundservice.de\/#website","url":"https:\/\/www.reifenundservice.de\/","name":"Reifen und Service in Karlsruhe Palmbach","description":"Reifenwechsel, Einlagerung, T\u00dcV-Durchsicht &amp; Vorfahrt in Palmbach 76228 Karlsruhe","publisher":{"@id":"https:\/\/www.reifenundservice.de\/#organization"},"potentialAction":[{"@type":"SearchAction","target":{"@type":"EntryPoint","urlTemplate":"https:\/\/www.reifenundservice.de\/?s={search_term_string}"},"query-input":{"@type":"PropertyValueSpecification","valueRequired":true,"valueName":"search_term_string"}}],"inLanguage":"de"},{"@type":"Organization","@id":"https:\/\/www.reifenundservice.de\/#organization","name":"Reifen und Service","url":"https:\/\/www.reifenundservice.de\/","logo":{"@type":"ImageObject","inLanguage":"de","@id":"https:\/\/www.reifenundservice.de\/#\/schema\/logo\/image\/","url":"https:\/\/www.reifenundservice.de\/wp-content\/uploads\/2021\/03\/cropped-header-scaled-1.jpg","contentUrl":"https:\/\/www.reifenundservice.de\/wp-content\/uploads\/2021\/03\/cropped-header-scaled-1.jpg","width":2000,"height":1756,"caption":"Reifen und Service"},"image":{"@id":"https:\/\/www.reifenundservice.de\/#\/schema\/logo\/image\/"},"sameAs":["https:\/\/www.facebook.com\/reifenundservice\/"]}]}},"_links":{"self":[{"href":"https:\/\/www.reifenundservice.de\/index.php?rest_route=\/wp\/v2\/pages\/221","targetHints":{"allow":["GET"]}}],"collection":[{"href":"https:\/\/www.reifenundservice.de\/index.php?rest_route=\/wp\/v2\/pages"}],"about":[{"href":"https:\/\/www.reifenundservice.de\/index.php?rest_route=\/wp\/v2\/types\/page"}],"author":[{"embeddable":true,"href":"https:\/\/www.reifenundservice.de\/index.php?rest_route=\/wp\/v2\/users\/1"}],"replies":[{"embeddable":true,"href":"https:\/\/www.reifenundservice.de\/index.php?rest_route=%2Fwp%2Fv2%2Fcomments&post=221"}],"version-history":[{"count":11,"href":"https:\/\/www.reifenundservice.de\/index.php?rest_route=\/wp\/v2\/pages\/221\/revisions"}],"predecessor-version":[{"id":280,"href":"https:\/\/www.reifenundservice.de\/index.php?rest_route=\/wp\/v2\/pages\/221\/revisions\/280"}],"wp:attachment":[{"href":"https:\/\/www.reifenundservice.de\/index.php?rest_route=%2Fwp%2Fv2%2Fmedia&parent=221"}],"curies":[{"name":"wp","href":"https:\/\/api.w.org\/{rel}","templated":true}]}}