{"id":26,"date":"2021-03-29T18:49:12","date_gmt":"2021-03-29T18:49:12","guid":{"rendered":"http:\/\/wordpress.reifenundservice.de\/?page_id=26"},"modified":"2021-04-17T08:34:15","modified_gmt":"2021-04-17T06:34:15","slug":"impressum","status":"publish","type":"page","link":"https:\/\/www.reifenundservice.de\/?page_id=26","title":{"rendered":"Impressum"},"content":{"rendered":"\n<p><strong>Impressum<\/strong><\/p>\n\n\n\n<p>Christian Volkmann<br>Reifen und Service (Einzelunternehmen)<br>Rudolf-Link-Str. 5<br>76228 Karlsruhe<\/p>\n\n\n\n<p>Telefon: 0721 94 30 510<br>E-Mail: info@reifenundservice.de<br><br>USt Id: DE193398980<br><\/p>\n\n\n\n<p><strong>Datenschutzerkl\u00e4rung<\/strong><br><br>1. Datenschutz auf einen Blick<br><br>Allgemeine Hinweise<br><br>Die folgenden Hinweise geben einen einfachen \u00dcberblick dar\u00fcber, was mit Ihren personenbezogenen Daten passiert, wenn Sie unsere Website besuchen. Personenbezogene Daten sind alle Daten, mit denen Sie pers\u00f6nlich identifiziert werden k\u00f6nnen. Ausf\u00fchrliche Informationen zum Thema Datenschutz entnehmen Sie unserer unter diesem Text aufgef\u00fchrten Datenschutzerkl\u00e4rung.<br><br><br>Datenerfassung auf unserer Website<br><br>Wer ist verantwortlich f\u00fcr die Datenerfassung auf dieser Website?<br><br>Die Datenverarbeitung auf dieser Website erfolgt durch den Websitebetreiber. Dessen Kontaktdaten k\u00f6nnen Sie dem Impressum dieser Website entnehmen.<br><br>Wie erfassen wir Ihre Daten?<br>Ihre Daten werden zum einen dadurch erhoben, dass Sie uns diese mitteilen. Hierbei kann es sich um Daten handeln, die Sie in unser Kontaktformular eingeben.<br><br>Wof\u00fcr nutzen wir Ihre Daten?<br><br>Einzig und alleine um Ihren Wunsch zu erf\u00fcllen z.B. um Ihnen ein Angebot er\u00f6ffnen zu k\u00f6nnen.<br><br>Welche Rechte haben Sie bez\u00fcglich Ihrer Daten?<br><br>Sie haben jederzeit das Recht unentgeltlich Auskunft \u00fcber Herkunft, Empf\u00e4nger und Zweck Ihrer gespeicherten personenbezogenen Daten zu erhalten. Sie haben au\u00dferdem ein Recht, die Berichtigung, Sperrung oder L\u00f6schung dieser Daten zu verlangen. Hierzu sowie zu weiteren Fragen zum Thema Datenschutz k\u00f6nnen Sie sich jederzeit unter der im Impressum angegebenen Adresse an uns wenden. Des Weiteren steht Ihnen ein Beschwerderecht bei der zust\u00e4ndigen Aufsichtsbeh\u00f6rde zu.<br><br><br>Hinweis zur verantwortlichen Stelle<br><br>Die verantwortliche Stelle f\u00fcr die Datenverarbeitung auf dieser Website ist:<br><br>Christian Volkmann <br>Reifen und Service <br>Rudolf-Link-Str. 5<br>76228 Karlsruhe<br><br>Telefon: 0721 94 30 510<br>E-Mail: info@reifenundservice.de<br><br>Verantwortliche Stelle ist die nat\u00fcrliche oder juristische Person, die allein oder gemeinsam mit anderen \u00fcber die Zwecke und Mittel der Verarbeitung von personenbezogenen Daten (z.B. Namen, E-Mail-Adressen o. \u00c4.) entscheidet.<br><br><br>Widerruf Ihrer Einwilligung zur Datenverarbeitung<br><br>Viele Datenverarbeitungsvorg\u00e4nge sind nur mit Ihrer ausdr\u00fccklichen Einwilligung m\u00f6glich. Sie k\u00f6nnen eine bereits erteilte Einwilligung jederzeit widerrufen. Dazu reicht eine formlose Mitteilung per E-Mail an uns. Die Rechtm\u00e4\u00dfigkeit der bis zum Widerruf erfolgten Datenverarbeitung bleibt vom Widerruf unber\u00fchrt.<br><br>Auskunft, Sperrung, L\u00f6schung<br><br>Sie haben im Rahmen der geltenden gesetzlichen Bestimmungen jederzeit das Recht auf unentgeltliche Auskunft \u00fcber Ihre gespeicherten personenbezogenen Daten, deren Herkunft und Empf\u00e4nger und den Zweck der Datenverarbeitung und ggf. ein Recht auf Berichtigung, Sperrung oder L\u00f6schung dieser Daten. Hierzu sowie zu weiteren Fragen zum Thema personenbezogene Daten k\u00f6nnen Sie sich jederzeit unter der im Impressum angegebenen Adresse an uns wenden.<\/p>\n","protected":false},"excerpt":{"rendered":"<p>Impressum Christian VolkmannReifen und Service (Einzelunternehmen)Rudolf-Link-Str. 576228 Karlsruhe Telefon: 0721 94 30 510E-Mail: info@reifenundservice.de USt Id: DE193398980 Datenschutzerkl\u00e4rung 1. Datenschutz auf einen Blick Allgemeine Hinweise Die folgenden Hinweise geben einen einfachen \u00dcberblick dar\u00fcber, was mit Ihren personenbezogenen Daten passiert, wenn Sie unsere Website besuchen. Personenbezogene Daten sind alle Daten, mit denen Sie pers\u00f6nlich identifiziert werden &hellip; <\/p>\n<p class=\"link-more\"><a href=\"https:\/\/www.reifenundservice.de\/?page_id=26\" class=\"more-link\"><span class=\"screen-reader-text\">\u201eImpressum\u201c<\/span> weiterlesen<\/a><\/p>\n","protected":false},"author":1,"featured_media":0,"parent":0,"menu_order":0,"comment_status":"closed","ping_status":"closed","template":"","meta":{"_monsterinsights_skip_tracking":false,"_monsterinsights_sitenote_active":false,"_monsterinsights_sitenote_note":"","_monsterinsights_sitenote_category":0,"footnotes":""},"class_list":["post-26","page","type-page","status-publish","hentry"],"yoast_head":"<!-- This site is optimized with the Yoast SEO plugin v27.1.1 - https:\/\/yoast.com\/product\/yoast-seo-wordpress\/ -->\n<title>Reifen und Service in Karlsruhe Palmbach - Impressum<\/title>\n<meta name=\"description\" content=\"Christian Volkmann, Reifen und Service (Einzelunternehmen), Rudolf-Link-Str. 5, 76228 Karlsruhe, Telefon: 07219430510, E-Mail: info@reifenundservice.de\" \/>\n<meta name=\"robots\" content=\"index, follow, max-snippet:-1, max-image-preview:large, max-video-preview:-1\" \/>\n<link rel=\"canonical\" href=\"https:\/\/www.reifenundservice.de\/?page_id=26\" \/>\n<meta property=\"og:locale\" content=\"de_DE\" \/>\n<meta property=\"og:type\" content=\"article\" \/>\n<meta property=\"og:title\" content=\"Reifen und Service in Karlsruhe Palmbach - Impressum\" \/>\n<meta property=\"og:description\" content=\"Christian Volkmann, Reifen und Service (Einzelunternehmen), Rudolf-Link-Str. 5, 76228 Karlsruhe, Telefon: 07219430510, E-Mail: info@reifenundservice.de\" \/>\n<meta property=\"og:url\" content=\"https:\/\/www.reifenundservice.de\/?page_id=26\" \/>\n<meta property=\"og:site_name\" content=\"Reifen und Service in Karlsruhe Palmbach\" \/>\n<meta property=\"article:publisher\" content=\"https:\/\/www.facebook.com\/reifenundservice\/\" \/>\n<meta property=\"article:modified_time\" content=\"2021-04-17T06:34:15+00:00\" \/>\n<meta property=\"og:image\" content=\"https:\/\/www.reifenundservice.de\/wp-content\/uploads\/2021\/03\/cropped-header-scaled-1.jpg\" \/>\n\t<meta property=\"og:image:width\" content=\"2000\" \/>\n\t<meta property=\"og:image:height\" content=\"1756\" \/>\n\t<meta property=\"og:image:type\" content=\"image\/jpeg\" \/>\n<meta name=\"twitter:card\" content=\"summary_large_image\" \/>\n<meta name=\"twitter:label1\" content=\"Gesch\u00e4tzte Lesezeit\" \/>\n\t<meta name=\"twitter:data1\" content=\"2\u00a0Minuten\" \/>\n<script type=\"application\/ld+json\" class=\"yoast-schema-graph\">{\"@context\":\"https:\/\/schema.org\",\"@graph\":[{\"@type\":\"WebPage\",\"@id\":\"https:\/\/www.reifenundservice.de\/?page_id=26\",\"url\":\"https:\/\/www.reifenundservice.de\/?page_id=26\",\"name\":\"Reifen und Service in Karlsruhe Palmbach - Impressum\",\"isPartOf\":{\"@id\":\"https:\/\/www.reifenundservice.de\/#website\"},\"datePublished\":\"2021-03-29T18:49:12+00:00\",\"dateModified\":\"2021-04-17T06:34:15+00:00\",\"description\":\"Christian Volkmann, Reifen und Service (Einzelunternehmen), Rudolf-Link-Str. 5, 76228 Karlsruhe, Telefon: 07219430510, E-Mail: info@reifenundservice.de\",\"breadcrumb\":{\"@id\":\"https:\/\/www.reifenundservice.de\/?page_id=26#breadcrumb\"},\"inLanguage\":\"de\",\"potentialAction\":[{\"@type\":\"ReadAction\",\"target\":[\"https:\/\/www.reifenundservice.de\/?page_id=26\"]}]},{\"@type\":\"BreadcrumbList\",\"@id\":\"https:\/\/www.reifenundservice.de\/?page_id=26#breadcrumb\",\"itemListElement\":[{\"@type\":\"ListItem\",\"position\":1,\"name\":\"Startseite\",\"item\":\"https:\/\/www.reifenundservice.de\/\"},{\"@type\":\"ListItem\",\"position\":2,\"name\":\"Impressum\"}]},{\"@type\":\"WebSite\",\"@id\":\"https:\/\/www.reifenundservice.de\/#website\",\"url\":\"https:\/\/www.reifenundservice.de\/\",\"name\":\"Reifen und Service in Karlsruhe Palmbach\",\"description\":\"Reifenwechsel, Einlagerung, T\u00dcV-Durchsicht &amp; Vorfahrt in Palmbach 76228 Karlsruhe\",\"publisher\":{\"@id\":\"https:\/\/www.reifenundservice.de\/#organization\"},\"potentialAction\":[{\"@type\":\"SearchAction\",\"target\":{\"@type\":\"EntryPoint\",\"urlTemplate\":\"https:\/\/www.reifenundservice.de\/?s={search_term_string}\"},\"query-input\":{\"@type\":\"PropertyValueSpecification\",\"valueRequired\":true,\"valueName\":\"search_term_string\"}}],\"inLanguage\":\"de\"},{\"@type\":\"Organization\",\"@id\":\"https:\/\/www.reifenundservice.de\/#organization\",\"name\":\"Reifen und Service\",\"url\":\"https:\/\/www.reifenundservice.de\/\",\"logo\":{\"@type\":\"ImageObject\",\"inLanguage\":\"de\",\"@id\":\"https:\/\/www.reifenundservice.de\/#\/schema\/logo\/image\/\",\"url\":\"https:\/\/www.reifenundservice.de\/wp-content\/uploads\/2021\/03\/cropped-header-scaled-1.jpg\",\"contentUrl\":\"https:\/\/www.reifenundservice.de\/wp-content\/uploads\/2021\/03\/cropped-header-scaled-1.jpg\",\"width\":2000,\"height\":1756,\"caption\":\"Reifen und Service\"},\"image\":{\"@id\":\"https:\/\/www.reifenundservice.de\/#\/schema\/logo\/image\/\"},\"sameAs\":[\"https:\/\/www.facebook.com\/reifenundservice\/\"]}]}<\/script>\n<!-- \/ Yoast SEO plugin. -->","yoast_head_json":{"title":"Reifen und Service in Karlsruhe Palmbach - Impressum","description":"Christian Volkmann, Reifen und Service (Einzelunternehmen), Rudolf-Link-Str. 5, 76228 Karlsruhe, Telefon: 07219430510, E-Mail: info@reifenundservice.de","robots":{"index":"index","follow":"follow","max-snippet":"max-snippet:-1","max-image-preview":"max-image-preview:large","max-video-preview":"max-video-preview:-1"},"canonical":"https:\/\/www.reifenundservice.de\/?page_id=26","og_locale":"de_DE","og_type":"article","og_title":"Reifen und Service in Karlsruhe Palmbach - Impressum","og_description":"Christian Volkmann, Reifen und Service (Einzelunternehmen), Rudolf-Link-Str. 5, 76228 Karlsruhe, Telefon: 07219430510, E-Mail: info@reifenundservice.de","og_url":"https:\/\/www.reifenundservice.de\/?page_id=26","og_site_name":"Reifen und Service in Karlsruhe Palmbach","article_publisher":"https:\/\/www.facebook.com\/reifenundservice\/","article_modified_time":"2021-04-17T06:34:15+00:00","og_image":[{"width":2000,"height":1756,"url":"https:\/\/www.reifenundservice.de\/wp-content\/uploads\/2021\/03\/cropped-header-scaled-1.jpg","type":"image\/jpeg"}],"twitter_card":"summary_large_image","twitter_misc":{"Gesch\u00e4tzte Lesezeit":"2\u00a0Minuten"},"schema":{"@context":"https:\/\/schema.org","@graph":[{"@type":"WebPage","@id":"https:\/\/www.reifenundservice.de\/?page_id=26","url":"https:\/\/www.reifenundservice.de\/?page_id=26","name":"Reifen und Service in Karlsruhe Palmbach - Impressum","isPartOf":{"@id":"https:\/\/www.reifenundservice.de\/#website"},"datePublished":"2021-03-29T18:49:12+00:00","dateModified":"2021-04-17T06:34:15+00:00","description":"Christian Volkmann, Reifen und Service (Einzelunternehmen), Rudolf-Link-Str. 5, 76228 Karlsruhe, Telefon: 07219430510, E-Mail: info@reifenundservice.de","breadcrumb":{"@id":"https:\/\/www.reifenundservice.de\/?page_id=26#breadcrumb"},"inLanguage":"de","potentialAction":[{"@type":"ReadAction","target":["https:\/\/www.reifenundservice.de\/?page_id=26"]}]},{"@type":"BreadcrumbList","@id":"https:\/\/www.reifenundservice.de\/?page_id=26#breadcrumb","itemListElement":[{"@type":"ListItem","position":1,"name":"Startseite","item":"https:\/\/www.reifenundservice.de\/"},{"@type":"ListItem","position":2,"name":"Impressum"}]},{"@type":"WebSite","@id":"https:\/\/www.reifenundservice.de\/#website","url":"https:\/\/www.reifenundservice.de\/","name":"Reifen und Service in Karlsruhe Palmbach","description":"Reifenwechsel, Einlagerung, T\u00dcV-Durchsicht &amp; Vorfahrt in Palmbach 76228 Karlsruhe","publisher":{"@id":"https:\/\/www.reifenundservice.de\/#organization"},"potentialAction":[{"@type":"SearchAction","target":{"@type":"EntryPoint","urlTemplate":"https:\/\/www.reifenundservice.de\/?s={search_term_string}"},"query-input":{"@type":"PropertyValueSpecification","valueRequired":true,"valueName":"search_term_string"}}],"inLanguage":"de"},{"@type":"Organization","@id":"https:\/\/www.reifenundservice.de\/#organization","name":"Reifen und Service","url":"https:\/\/www.reifenundservice.de\/","logo":{"@type":"ImageObject","inLanguage":"de","@id":"https:\/\/www.reifenundservice.de\/#\/schema\/logo\/image\/","url":"https:\/\/www.reifenundservice.de\/wp-content\/uploads\/2021\/03\/cropped-header-scaled-1.jpg","contentUrl":"https:\/\/www.reifenundservice.de\/wp-content\/uploads\/2021\/03\/cropped-header-scaled-1.jpg","width":2000,"height":1756,"caption":"Reifen und Service"},"image":{"@id":"https:\/\/www.reifenundservice.de\/#\/schema\/logo\/image\/"},"sameAs":["https:\/\/www.facebook.com\/reifenundservice\/"]}]}},"_links":{"self":[{"href":"https:\/\/www.reifenundservice.de\/index.php?rest_route=\/wp\/v2\/pages\/26","targetHints":{"allow":["GET"]}}],"collection":[{"href":"https:\/\/www.reifenundservice.de\/index.php?rest_route=\/wp\/v2\/pages"}],"about":[{"href":"https:\/\/www.reifenundservice.de\/index.php?rest_route=\/wp\/v2\/types\/page"}],"author":[{"embeddable":true,"href":"https:\/\/www.reifenundservice.de\/index.php?rest_route=\/wp\/v2\/users\/1"}],"replies":[{"embeddable":true,"href":"https:\/\/www.reifenundservice.de\/index.php?rest_route=%2Fwp%2Fv2%2Fcomments&post=26"}],"version-history":[{"count":6,"href":"https:\/\/www.reifenundservice.de\/index.php?rest_route=\/wp\/v2\/pages\/26\/revisions"}],"predecessor-version":[{"id":103,"href":"https:\/\/www.reifenundservice.de\/index.php?rest_route=\/wp\/v2\/pages\/26\/revisions\/103"}],"wp:attachment":[{"href":"https:\/\/www.reifenundservice.de\/index.php?rest_route=%2Fwp%2Fv2%2Fmedia&parent=26"}],"curies":[{"name":"wp","href":"https:\/\/api.w.org\/{rel}","templated":true}]}}