{"id":263,"date":"2025-06-06T21:07:01","date_gmt":"2025-06-06T19:07:01","guid":{"rendered":"https:\/\/www.reifenundservice.de\/?page_id=263"},"modified":"2025-06-06T21:21:51","modified_gmt":"2025-06-06T19:21:51","slug":"nutzungsrichtlinien-geschaeftsbedingungen","status":"publish","type":"page","link":"https:\/\/www.reifenundservice.de\/?page_id=263","title":{"rendered":"Nutzungsrichtlinien &amp; Gesch\u00e4ftsbedingungen"},"content":{"rendered":"\n<ol class=\"wp-block-list\">\n<li>Die Lagerkosten werden i.d.R. im Voraus bezahlt, f\u00fcr l\u00e4ngerfristig gelagerte Ware muss sp\u00e4testens zur Abholung\/Entnahme die offene Summe bezahlt werden.<br><\/li>\n\n\n\n<li>Sollten eingelagerte Gegenst\u00e4nde (z.b. Reifen\/ R\u00e4der) l\u00e4nger als 36 Monate\u00a0nicht abgeholt werden, gehen diese in den Besitz des Unternehmens ReifenUndService \u00fcber. Die bis dato angefallenen Lagerkosten und ggf. Kosten f\u00fcr die Entsorgung werden in Rechnung gestellt.<\/li>\n<\/ol>\n\n\n\n<p><\/p>\n","protected":false},"excerpt":{"rendered":"","protected":false},"author":1,"featured_media":0,"parent":0,"menu_order":0,"comment_status":"closed","ping_status":"closed","template":"","meta":{"_monsterinsights_skip_tracking":false,"_monsterinsights_sitenote_active":false,"_monsterinsights_sitenote_note":"","_monsterinsights_sitenote_category":0,"footnotes":""},"class_list":["post-263","page","type-page","status-publish","hentry"],"yoast_head":"<!-- This site is optimized with the Yoast SEO plugin v27.1.1 - https:\/\/yoast.com\/product\/yoast-seo-wordpress\/ -->\n<title>Reifen und Service in Karlsruhe Palmbach - Nutzungsrichtlinien &amp; Gesch\u00e4ftsbedingungen<\/title>\n<meta name=\"description\" content=\"Alles rund um Reifenwechsel, das Einlagern von Reifen, T\u00dcV Durchsicht &amp; Vorfahrt - in 76228 Karlsruhe Palmbach\" \/>\n<meta name=\"robots\" content=\"index, follow, max-snippet:-1, max-image-preview:large, max-video-preview:-1\" \/>\n<link rel=\"canonical\" href=\"https:\/\/www.reifenundservice.de\/?page_id=263\" \/>\n<meta property=\"og:locale\" content=\"de_DE\" \/>\n<meta property=\"og:type\" content=\"article\" \/>\n<meta property=\"og:title\" content=\"Reifen und Service in Karlsruhe Palmbach - Nutzungsrichtlinien &amp; Gesch\u00e4ftsbedingungen\" \/>\n<meta property=\"og:description\" content=\"Alles rund um Reifenwechsel, das Einlagern von Reifen, T\u00dcV Durchsicht &amp; Vorfahrt - in 76228 Karlsruhe Palmbach\" \/>\n<meta property=\"og:url\" content=\"https:\/\/www.reifenundservice.de\/?page_id=263\" \/>\n<meta property=\"og:site_name\" content=\"Reifen und Service in Karlsruhe Palmbach\" \/>\n<meta property=\"article:publisher\" content=\"https:\/\/www.facebook.com\/reifenundservice\/\" \/>\n<meta property=\"article:modified_time\" content=\"2025-06-06T19:21:51+00:00\" \/>\n<meta property=\"og:image\" content=\"https:\/\/www.reifenundservice.de\/wp-content\/uploads\/2021\/03\/cropped-header-scaled-1.jpg\" \/>\n\t<meta property=\"og:image:width\" content=\"2000\" \/>\n\t<meta property=\"og:image:height\" content=\"1756\" \/>\n\t<meta property=\"og:image:type\" content=\"image\/jpeg\" \/>\n<meta name=\"twitter:card\" content=\"summary_large_image\" \/>\n<meta name=\"twitter:label1\" content=\"Gesch\u00e4tzte Lesezeit\" \/>\n\t<meta name=\"twitter:data1\" content=\"1\u00a0Minute\" \/>\n<script type=\"application\/ld+json\" class=\"yoast-schema-graph\">{\"@context\":\"https:\/\/schema.org\",\"@graph\":[{\"@type\":\"WebPage\",\"@id\":\"https:\/\/www.reifenundservice.de\/?page_id=263\",\"url\":\"https:\/\/www.reifenundservice.de\/?page_id=263\",\"name\":\"Reifen und Service in Karlsruhe Palmbach - Nutzungsrichtlinien &amp; Gesch\u00e4ftsbedingungen\",\"isPartOf\":{\"@id\":\"https:\/\/www.reifenundservice.de\/#website\"},\"datePublished\":\"2025-06-06T19:07:01+00:00\",\"dateModified\":\"2025-06-06T19:21:51+00:00\",\"description\":\"Alles rund um Reifenwechsel, das Einlagern von Reifen, T\u00dcV Durchsicht & Vorfahrt - in 76228 Karlsruhe Palmbach\",\"breadcrumb\":{\"@id\":\"https:\/\/www.reifenundservice.de\/?page_id=263#breadcrumb\"},\"inLanguage\":\"de\",\"potentialAction\":[{\"@type\":\"ReadAction\",\"target\":[\"https:\/\/www.reifenundservice.de\/?page_id=263\"]}]},{\"@type\":\"BreadcrumbList\",\"@id\":\"https:\/\/www.reifenundservice.de\/?page_id=263#breadcrumb\",\"itemListElement\":[{\"@type\":\"ListItem\",\"position\":1,\"name\":\"Startseite\",\"item\":\"https:\/\/www.reifenundservice.de\/\"},{\"@type\":\"ListItem\",\"position\":2,\"name\":\"Nutzungsrichtlinien &amp; Gesch\u00e4ftsbedingungen\"}]},{\"@type\":\"WebSite\",\"@id\":\"https:\/\/www.reifenundservice.de\/#website\",\"url\":\"https:\/\/www.reifenundservice.de\/\",\"name\":\"Reifen und Service in Karlsruhe Palmbach\",\"description\":\"Reifenwechsel, Einlagerung, T\u00dcV-Durchsicht &amp; Vorfahrt in Palmbach 76228 Karlsruhe\",\"publisher\":{\"@id\":\"https:\/\/www.reifenundservice.de\/#organization\"},\"potentialAction\":[{\"@type\":\"SearchAction\",\"target\":{\"@type\":\"EntryPoint\",\"urlTemplate\":\"https:\/\/www.reifenundservice.de\/?s={search_term_string}\"},\"query-input\":{\"@type\":\"PropertyValueSpecification\",\"valueRequired\":true,\"valueName\":\"search_term_string\"}}],\"inLanguage\":\"de\"},{\"@type\":\"Organization\",\"@id\":\"https:\/\/www.reifenundservice.de\/#organization\",\"name\":\"Reifen und Service\",\"url\":\"https:\/\/www.reifenundservice.de\/\",\"logo\":{\"@type\":\"ImageObject\",\"inLanguage\":\"de\",\"@id\":\"https:\/\/www.reifenundservice.de\/#\/schema\/logo\/image\/\",\"url\":\"https:\/\/www.reifenundservice.de\/wp-content\/uploads\/2021\/03\/cropped-header-scaled-1.jpg\",\"contentUrl\":\"https:\/\/www.reifenundservice.de\/wp-content\/uploads\/2021\/03\/cropped-header-scaled-1.jpg\",\"width\":2000,\"height\":1756,\"caption\":\"Reifen und Service\"},\"image\":{\"@id\":\"https:\/\/www.reifenundservice.de\/#\/schema\/logo\/image\/\"},\"sameAs\":[\"https:\/\/www.facebook.com\/reifenundservice\/\"]}]}<\/script>\n<!-- \/ Yoast SEO plugin. -->","yoast_head_json":{"title":"Reifen und Service in Karlsruhe Palmbach - Nutzungsrichtlinien &amp; Gesch\u00e4ftsbedingungen","description":"Alles rund um Reifenwechsel, das Einlagern von Reifen, T\u00dcV Durchsicht & Vorfahrt - in 76228 Karlsruhe Palmbach","robots":{"index":"index","follow":"follow","max-snippet":"max-snippet:-1","max-image-preview":"max-image-preview:large","max-video-preview":"max-video-preview:-1"},"canonical":"https:\/\/www.reifenundservice.de\/?page_id=263","og_locale":"de_DE","og_type":"article","og_title":"Reifen und Service in Karlsruhe Palmbach - Nutzungsrichtlinien &amp; Gesch\u00e4ftsbedingungen","og_description":"Alles rund um Reifenwechsel, das Einlagern von Reifen, T\u00dcV Durchsicht & Vorfahrt - in 76228 Karlsruhe Palmbach","og_url":"https:\/\/www.reifenundservice.de\/?page_id=263","og_site_name":"Reifen und Service in Karlsruhe Palmbach","article_publisher":"https:\/\/www.facebook.com\/reifenundservice\/","article_modified_time":"2025-06-06T19:21:51+00:00","og_image":[{"width":2000,"height":1756,"url":"https:\/\/www.reifenundservice.de\/wp-content\/uploads\/2021\/03\/cropped-header-scaled-1.jpg","type":"image\/jpeg"}],"twitter_card":"summary_large_image","twitter_misc":{"Gesch\u00e4tzte Lesezeit":"1\u00a0Minute"},"schema":{"@context":"https:\/\/schema.org","@graph":[{"@type":"WebPage","@id":"https:\/\/www.reifenundservice.de\/?page_id=263","url":"https:\/\/www.reifenundservice.de\/?page_id=263","name":"Reifen und Service in Karlsruhe Palmbach - Nutzungsrichtlinien &amp; Gesch\u00e4ftsbedingungen","isPartOf":{"@id":"https:\/\/www.reifenundservice.de\/#website"},"datePublished":"2025-06-06T19:07:01+00:00","dateModified":"2025-06-06T19:21:51+00:00","description":"Alles rund um Reifenwechsel, das Einlagern von Reifen, T\u00dcV Durchsicht & Vorfahrt - in 76228 Karlsruhe Palmbach","breadcrumb":{"@id":"https:\/\/www.reifenundservice.de\/?page_id=263#breadcrumb"},"inLanguage":"de","potentialAction":[{"@type":"ReadAction","target":["https:\/\/www.reifenundservice.de\/?page_id=263"]}]},{"@type":"BreadcrumbList","@id":"https:\/\/www.reifenundservice.de\/?page_id=263#breadcrumb","itemListElement":[{"@type":"ListItem","position":1,"name":"Startseite","item":"https:\/\/www.reifenundservice.de\/"},{"@type":"ListItem","position":2,"name":"Nutzungsrichtlinien &amp; Gesch\u00e4ftsbedingungen"}]},{"@type":"WebSite","@id":"https:\/\/www.reifenundservice.de\/#website","url":"https:\/\/www.reifenundservice.de\/","name":"Reifen und Service in Karlsruhe Palmbach","description":"Reifenwechsel, Einlagerung, T\u00dcV-Durchsicht &amp; Vorfahrt in Palmbach 76228 Karlsruhe","publisher":{"@id":"https:\/\/www.reifenundservice.de\/#organization"},"potentialAction":[{"@type":"SearchAction","target":{"@type":"EntryPoint","urlTemplate":"https:\/\/www.reifenundservice.de\/?s={search_term_string}"},"query-input":{"@type":"PropertyValueSpecification","valueRequired":true,"valueName":"search_term_string"}}],"inLanguage":"de"},{"@type":"Organization","@id":"https:\/\/www.reifenundservice.de\/#organization","name":"Reifen und Service","url":"https:\/\/www.reifenundservice.de\/","logo":{"@type":"ImageObject","inLanguage":"de","@id":"https:\/\/www.reifenundservice.de\/#\/schema\/logo\/image\/","url":"https:\/\/www.reifenundservice.de\/wp-content\/uploads\/2021\/03\/cropped-header-scaled-1.jpg","contentUrl":"https:\/\/www.reifenundservice.de\/wp-content\/uploads\/2021\/03\/cropped-header-scaled-1.jpg","width":2000,"height":1756,"caption":"Reifen und Service"},"image":{"@id":"https:\/\/www.reifenundservice.de\/#\/schema\/logo\/image\/"},"sameAs":["https:\/\/www.facebook.com\/reifenundservice\/"]}]}},"_links":{"self":[{"href":"https:\/\/www.reifenundservice.de\/index.php?rest_route=\/wp\/v2\/pages\/263","targetHints":{"allow":["GET"]}}],"collection":[{"href":"https:\/\/www.reifenundservice.de\/index.php?rest_route=\/wp\/v2\/pages"}],"about":[{"href":"https:\/\/www.reifenundservice.de\/index.php?rest_route=\/wp\/v2\/types\/page"}],"author":[{"embeddable":true,"href":"https:\/\/www.reifenundservice.de\/index.php?rest_route=\/wp\/v2\/users\/1"}],"replies":[{"embeddable":true,"href":"https:\/\/www.reifenundservice.de\/index.php?rest_route=%2Fwp%2Fv2%2Fcomments&post=263"}],"version-history":[{"count":3,"href":"https:\/\/www.reifenundservice.de\/index.php?rest_route=\/wp\/v2\/pages\/263\/revisions"}],"predecessor-version":[{"id":269,"href":"https:\/\/www.reifenundservice.de\/index.php?rest_route=\/wp\/v2\/pages\/263\/revisions\/269"}],"wp:attachment":[{"href":"https:\/\/www.reifenundservice.de\/index.php?rest_route=%2Fwp%2Fv2%2Fmedia&parent=263"}],"curies":[{"name":"wp","href":"https:\/\/api.w.org\/{rel}","templated":true}]}}